{"id":42,"date":"2025-02-23T12:21:30","date_gmt":"2025-02-23T12:21:30","guid":{"rendered":"https:\/\/karolina.oleszczuk.art\/?page_id=42"},"modified":"2025-03-01T18:52:07","modified_gmt":"2025-03-01T18:52:07","slug":"kontakt","status":"publish","type":"page","link":"https:\/\/karolina.oleszczuk.art\/?page_id=42","title":{"rendered":"Kontakt"},"content":{"rendered":"\n<p>Karolina Oleszczuk &#8211; psychodietetyk<br>tel. 728 453 037<\/p>\n\n\n\n<p>Je\u015bli chcesz um\u00f3wi\u0107 si\u0119 na konsultacje lub masz pytania, wype\u0142nij formularz kontaktowy, a ja skontaktuj\u0119 si\u0119 z Tob\u0105 jak najszybciej.<\/p>\n\n\n<div class=\"wpforms-container wpforms-container-full wpforms-block wpforms-block-a88a6eab-250f-4863-8640-5e8f56d0cc68 wpforms-render-modern\" id=\"wpforms-56\"><form id=\"wpforms-form-56\" class=\"wpforms-validate wpforms-form wpforms-ajax-form\" data-formid=\"56\" method=\"post\" enctype=\"multipart\/form-data\" action=\"\/index.php?rest_route=%2Fwp%2Fv2%2Fpages%2F42\" data-token=\"7889ac9842d1e9368f9dd0f08cb6f7bc\" data-token-time=\"1776428818\"><noscript class=\"wpforms-error-noscript\">Aby wype\u0142ni\u0107 ten formularz, w\u0142\u0105cz obs\u0142ug\u0119 JavaScript w przegl\u0105darce.<\/noscript><div class=\"wpforms-hidden\" id=\"wpforms-error-noscript\">Aby wype\u0142ni\u0107 ten formularz, w\u0142\u0105cz obs\u0142ug\u0119 JavaScript w przegl\u0105darce.<\/div><div class=\"wpforms-field-container\"><div id=\"wpforms-56-field_1-container\" class=\"wpforms-field wpforms-field-name\" data-field-id=\"1\"><fieldset><legend class=\"wpforms-field-label\">Twoje imi\u0119 i nazwisko <span class=\"wpforms-required-label\" aria-hidden=\"true\">*<\/span><\/legend><div class=\"wpforms-field-row wpforms-field-medium\"><div class=\"wpforms-field-row-block wpforms-first wpforms-one-half\"><input type=\"text\" id=\"wpforms-56-field_1\" class=\"wpforms-field-name-first wpforms-field-required\" name=\"wpforms[fields][1][first]\" aria-errormessage=\"wpforms-56-field_1-error\" required><label for=\"wpforms-56-field_1\" class=\"wpforms-field-sublabel after\">Imi\u0119<\/label><\/div><div class=\"wpforms-field-row-block wpforms-one-half\"><input type=\"text\" id=\"wpforms-56-field_1-last\" class=\"wpforms-field-name-last wpforms-field-required\" name=\"wpforms[fields][1][last]\" aria-errormessage=\"wpforms-56-field_1-last-error\" required><label for=\"wpforms-56-field_1-last\" class=\"wpforms-field-sublabel after\">Nazwisko<\/label><\/div><\/div><\/fieldset><\/div><div id=\"wpforms-56-field_2-container\" class=\"wpforms-field wpforms-field-email\" data-field-id=\"2\"><label class=\"wpforms-field-label\" for=\"wpforms-56-field_2\">Adres e-mail <span class=\"wpforms-required-label\" aria-hidden=\"true\">*<\/span><\/label><input type=\"email\" id=\"wpforms-56-field_2\" class=\"wpforms-field-medium wpforms-field-required\" name=\"wpforms[fields][2]\" spellcheck=\"false\" aria-errormessage=\"wpforms-56-field_2-error\" required><\/div><div id=\"wpforms-56-field_3-container\" class=\"wpforms-field wpforms-field-textarea\" data-field-id=\"3\"><label class=\"wpforms-field-label\" for=\"wpforms-56-field_3\">Wiadomo\u015b\u0107<\/label><textarea id=\"wpforms-56-field_3\" class=\"wpforms-field-medium\" name=\"wpforms[fields][3]\" aria-errormessage=\"wpforms-56-field_3-error\" ><\/textarea><\/div><\/div><!-- .wpforms-field-container --><div class=\"wpforms-submit-container\" ><input type=\"hidden\" name=\"wpforms[id]\" value=\"56\"><input type=\"hidden\" name=\"page_title\" value=\"\"><input type=\"hidden\" name=\"page_url\" value=\"https:\/\/karolina.oleszczuk.art\/index.php?rest_route=\/wp\/v2\/pages\/42\"><input type=\"hidden\" name=\"url_referer\" value=\"\"><button type=\"submit\" name=\"wpforms[submit]\" id=\"wpforms-submit-56\" class=\"wpforms-submit\" data-alt-text=\"Wysy\u0142anie...\" data-submit-text=\"Prze\u015blij\" aria-live=\"assertive\" value=\"wpforms-submit\">Prze\u015blij<\/button><img loading=\"lazy\" decoding=\"async\" src=\"https:\/\/karolina.oleszczuk.art\/wp-content\/plugins\/wpforms-lite\/assets\/images\/submit-spin.svg\" class=\"wpforms-submit-spinner\" style=\"display: none;\" width=\"26\" height=\"26\" alt=\"Wczytywanie\"><\/div><\/form><\/div>  <!-- .wpforms-container -->\n\n\n<p class=\"has-text-align-center\"><a href=\"https:\/\/karolina.oleszczuk.art\/?page_id=3\" data-type=\"page\" data-id=\"3\" target=\"_blank\" rel=\"noreferrer noopener\">Polityka prywatno\u015bci<\/a><\/p>\n\n\n\n<figure class=\"wp-block-image size-large\"><img loading=\"lazy\" decoding=\"async\" width=\"1024\" height=\"366\" src=\"https:\/\/karolina.oleszczuk.art\/wp-content\/uploads\/2025\/02\/cupcakes-1283821_1280-e1740855085808-1024x366.jpg\" alt=\"\" class=\"wp-image-43\" srcset=\"https:\/\/karolina.oleszczuk.art\/wp-content\/uploads\/2025\/02\/cupcakes-1283821_1280-e1740855085808-1024x366.jpg 1024w, https:\/\/karolina.oleszczuk.art\/wp-content\/uploads\/2025\/02\/cupcakes-1283821_1280-e1740855085808-300x107.jpg 300w, https:\/\/karolina.oleszczuk.art\/wp-content\/uploads\/2025\/02\/cupcakes-1283821_1280-e1740855085808-768x274.jpg 768w, https:\/\/karolina.oleszczuk.art\/wp-content\/uploads\/2025\/02\/cupcakes-1283821_1280-e1740855085808.jpg 1280w\" sizes=\"auto, (max-width: 1024px) 100vw, 1024px\" \/><\/figure>\n","protected":false},"excerpt":{"rendered":"<p>Karolina Oleszczuk &#8211; psychodietetyktel. 728 453 037 Je\u015bli chcesz um\u00f3wi\u0107 si\u0119 na konsultacje lub masz pytania, wype\u0142nij formularz kontaktowy, a ja skontaktuj\u0119 si\u0119 z Tob\u0105 jak najszybciej. Polityka prywatno\u015bci<\/p>\n","protected":false},"author":1,"featured_media":0,"parent":0,"menu_order":0,"comment_status":"closed","ping_status":"closed","template":"","meta":{"footnotes":""},"class_list":["post-42","page","type-page","status-publish","hentry"],"_links":{"self":[{"href":"https:\/\/karolina.oleszczuk.art\/index.php?rest_route=\/wp\/v2\/pages\/42","targetHints":{"allow":["GET"]}}],"collection":[{"href":"https:\/\/karolina.oleszczuk.art\/index.php?rest_route=\/wp\/v2\/pages"}],"about":[{"href":"https:\/\/karolina.oleszczuk.art\/index.php?rest_route=\/wp\/v2\/types\/page"}],"author":[{"embeddable":true,"href":"https:\/\/karolina.oleszczuk.art\/index.php?rest_route=\/wp\/v2\/users\/1"}],"replies":[{"embeddable":true,"href":"https:\/\/karolina.oleszczuk.art\/index.php?rest_route=%2Fwp%2Fv2%2Fcomments&post=42"}],"version-history":[{"count":10,"href":"https:\/\/karolina.oleszczuk.art\/index.php?rest_route=\/wp\/v2\/pages\/42\/revisions"}],"predecessor-version":[{"id":71,"href":"https:\/\/karolina.oleszczuk.art\/index.php?rest_route=\/wp\/v2\/pages\/42\/revisions\/71"}],"wp:attachment":[{"href":"https:\/\/karolina.oleszczuk.art\/index.php?rest_route=%2Fwp%2Fv2%2Fmedia&parent=42"}],"curies":[{"name":"wp","href":"https:\/\/api.w.org\/{rel}","templated":true}]}}