{"id":3,"date":"2025-01-05T14:07:58","date_gmt":"2025-01-05T14:07:58","guid":{"rendered":"https:\/\/karolina.oleszczuk.art\/?page_id=3"},"modified":"2025-03-01T18:47:05","modified_gmt":"2025-03-01T18:47:05","slug":"privacy-policy","status":"publish","type":"page","link":"https:\/\/karolina.oleszczuk.art\/?page_id=3","title":{"rendered":"Polityka prywatno\u015bci"},"content":{"rendered":"\n<p>I. Postanowienia og\u00f3lne<\/p>\n\n\n<ol class=\"wp-block-list\" style=\"\">\n<li>Polityka prywatno&#347;ci okre&#347;la, jak zbierane, przetwarzane i przechowywane s&#261; dane<br>osobowe U&#380;ytkownik&oacute;w niezb&#281;dne do &#347;wiadczenia us&#322;ug drog&#261; elektroniczn&#261; za<br>po&#347;rednictwem serwisu internetowego karolina.oleszczuk.art (dalej: Serwis).<\/li>\n\n\n\n<li>Serwis zbiera wy&#322;&#261;cznie dane osobowe niezb&#281;dne do &#347;wiadczenia i rozwoju us&#322;ug w<br>nim oferowanych.<\/li>\n\n\n\n<li>Dane osobowe zbierane za po&#347;rednictwem Serwisu s&#261; przetwarzane zgodnie<br>z&nbsp;Rozporz&#261;dzeniem Parlamentu Europejskiego i&nbsp;Rady (UE) 2016\/679 z&nbsp;dnia 27<br>kwietnia 2016 r. w&nbsp;sprawie ochrony os&oacute;b fizycznych w&nbsp;zwi&#261;zku z&nbsp;przetwarzaniem<br>danych osobowych i&nbsp;w sprawie swobodnego przep&#322;ywu takich danych oraz uchylenia<br>dyrektywy 95\/46\/WE (og&oacute;lne rozporz&#261;dzenie o&nbsp;ochronie danych, dalej RODO) oraz<br>ustaw&#261; o ochronie danych osobowych z dnia 10 maja 2018 r.<br>II. Administrator danych<br>Administratorem danych osobowych zbieranych poprzez Serwis jest Kakadu Karolina<br>Oleszczuk adres: Czarny Kierz 14, 11-106 Kiwity, NIP: 712-274-03-68, REGON:<br>060578689, adres poczty elektronicznej: karolina.oleszczuk@kakadu.biz (dalej:<br>Administrator).<br>III. Cel zbierania danych osobowych<\/li>\n\n\n\n<li>Dane osobowe wykorzystywane s&#261; w celu:<br>o rejestracji konta i weryfikacji to&#380;samo&#347;ci U&#380;ytkownika,<br>o umo&#380;liwienia logowania do Serwisu,<br>o realizacji umowy dotycz&#261;cej us&#322;ug i e-us&#322;ug,<br>o komunikacji z U&#380;ytkownikiem (livechat, formularz kontaktowy itp.)<br>o wysy&#322;ki newslettera (po wyra&#380;eniu zgody U&#380;ytkownika na jego<br>otrzymywanie),<br>o prowadzenia systemu komentarzy,<br>o &#347;wiadczenia us&#322;ug spo&#322;eczno&#347;ciowych,<br>o promocji oferty Administratora,<br>o marketingu, remarketingu, afiliacji,<br>o personalizacji Serwisu dla U&#380;ytkownik&oacute;w,<br>o dzia&#322;a&#324; analitycznych i statystycznych,<br>o windykacji nale&#380;no&#347;ci,<br>o ustalenia i dochodzenia roszcze&#324;&nbsp;albo obrony przed nimi.<\/li>\n\n\n\n<li>Podanie danych jest dobrowolne, ale niezb&#281;dne do zawarcia umowy albo skorzystania<br>z innych funkcjonalno&#347;ci Serwisu.<br>IV. Rodzaj przetwarzanych danych osobowych<br>Administrator mo&#380;e przetwarza&#263;&nbsp;dane osobowe U&#380;ytkownika: imi&#281; i nazwisko, data<br>urodzenia, adres zamieszkania, adres e-mail, numer telefonu, NIP.<br>V. Okres przetwarzania danych osobowych<\/li>\n<\/ol>\n\n\n\n<p>Dane osobowe U\u017cytkownik\u00f3w b\u0119d\u0105 przetwarzane przez okres:<br>\uf0b7 gdy podstaw\u0105 przetwarzania danych jest wykonanie umowy \u2013 do momentu<br>przedawnienia roszcze\u0144 po jej wykonaniu,<br>\uf0b7 gdy podstaw\u0105 przetwarzania danych jest zgoda \u2013 do momentu jej odwo\u0142ania, a&nbsp;po<br>odwo\u0142aniu zgody do przedawnienia roszcze\u0144.<br>W obu przypadkach termin przedawnienia wynosi 6 lat, a&nbsp;dla roszcze\u0144 o&nbsp;\u015bwiadczenia<br>okresowe i roszcze\u0144 dotycz\u0105cych&nbsp;prowadzenia dzia\u0142alno\u015bci gospodarczej \u2013 3 lata (je\u015bli<br>przepis szczeg\u00f3lny nie stanowi inaczej).<br>VI. Udost\u0119pnianie danych osobowych<\/p>\n\n\n<ol class=\"wp-block-list\" style=\"\">\n<li>Dane osobowe U&#380;ytkownik&oacute;w mog&#261; by&#263; przekazywane: podmiotom powi&#261;zanym z<br>Administratorem, jego podwykonawcom, podmiotom wsp&oacute;&#322;pracuj&#261;cym z<br>Administratorem np. firmom obs&#322;uguj&#261;cym e-p&#322;atno&#347;ci, firmom &#347;wiadcz&#261;cym us&#322;ugi<br>kurierskie\/pocztowe, kancelariom prawnym.<\/li>\n\n\n\n<li>Dane osobowe U&#380;ytkownik&oacute;w nie b&#281;d&#261; przekazywane poza teren Europejskiego<br>Obszaru Gospodarczego (EOG).<br>VII. Prawa U&#380;ytkownik&oacute;w<\/li>\n\n\n\n<li>U&#380;ytkownik Serwisu ma prawo do: dost&#281;pu do tre&#347;ci swoich danych osobowych, ich<br>sprostowania, usuni&#281;cia, ograniczenia przetwarzania, przenoszenia, wniesienia<br>sprzeciwu wobec przetwarzania, cofni&#281;cia zgody w ka&#380;dej chwili (co nie ma&nbsp;wp&#322;ywu<br>na zgodno&#347;&#263; z prawem przetwarzania dokonanego w oparciu o zgod&#281; przed jej<br>cofni&#281;ciem).<\/li>\n\n\n\n<li>Zg&#322;oszenie o wyst&#261;pieniu przez U&#380;ytkownika z&nbsp;uprawnieniem wynikaj&#261;cym<br>z&nbsp;wymienionych praw nale&#380;y przes&#322;a&#263; na adres karolina.oleszczuk@kakadu.biz.<\/li>\n\n\n\n<li>Administrator spe&#322;nia lub odmawia&nbsp;spe&#322;nienia &#380;&#261;dania&nbsp;niezw&#322;ocznie &ndash; maksymalnie w<br>ci&#261;gu miesi&#261;ca od jego otrzymania.<\/li>\n\n\n\n<li>U&#380;ytkownik ma prawo z&#322;o&#380;y&#263; skarg&#281; do Prezesa Urz&#281;du Ochrony Danych<br>Osobowych, je&#347;li uzna, &#380;e przetwarzanie narusza jego prawa i wolno&#347;ci (RODO).<br>VIII. Pliki cookies<\/li>\n\n\n\n<li>Serwis zbiera informacje za pomoc&#261; plik&oacute;w cookies &ndash; sesyjnych, sta&#322;ych i podmiot&oacute;w<br>zewn&#281;trznych.<\/li>\n\n\n\n<li>Zbieranie plik&oacute;w cookies wspiera poprawne &#347;wiadczenie us&#322;ug w Serwisie i s&#322;u&#380;y<br>celom statystycznym.<\/li>\n\n\n\n<li>U&#380;ytkownik mo&#380;e okre&#347;li&#263; zakres dost&#281;pu plik&oacute;w cookies do swojego urz&#261;dzenia w<br>ustawieniach przegl&#261;darki.<br>IX. Zautomatyzowane podejmowanie decyzji i profilowanie<\/li>\n\n\n\n<li>Dane U&#380;ytkownik&oacute;w nie mog&#261; by&#263;&nbsp;przetwarzane w zautomatyzowany spos&oacute;b tak, &#380;e<br>na skutek tego mog&#322;yby zapa&#347;&#263; wobec nich jakiekolwiek decyzje.<\/li>\n\n\n\n<li>Dane U&#380;ytkownik&oacute;w mog&#261; by&#263; profilowane celem dostosowania tre&#347;ci i<br>personalizacji oferty po wyra&#380;eniu przez nich zgody.<\/li>\n<\/ol>\n\n\n\n<p>X. Postanowienia ko\u0144cowe<\/p>\n\n\n<ol class=\"wp-block-list\" style=\"\">\n<li>Administrator ma prawo do wprowadzenia zmian w Polityce prywatno&#347;ci, przy czym<br>prawa U&#380;ytkownik&oacute;w nie zostan&#261; ograniczone.<\/li>\n\n\n\n<li>Informacja o wprowadzonych zmianach pojawi si&#281; w formie komunikatu dost&#281;pnego<br>w Serwisie.<\/li>\n\n\n\n<li>W sprawach nieuregulowanych w niniejszej Polityce prywatno&#347;ci obowi&#261;zuj&#261;<br>przepisy RODO i przepisy prawa polskiego.<\/li>\n<\/ol>\n","protected":false},"excerpt":{"rendered":"<p>I. Postanowienia og\u00f3lne Dane osobowe U\u017cytkownik\u00f3w b\u0119d\u0105 przetwarzane przez okres:\uf0b7 gdy podstaw\u0105 przetwarzania danych jest wykonanie umowy \u2013 do momentuprzedawnienia roszcze\u0144 po jej wykonaniu,\uf0b7 gdy podstaw\u0105 przetwarzania danych jest zgoda \u2013 do momentu jej odwo\u0142ania, a&nbsp;poodwo\u0142aniu zgody do przedawnienia roszcze\u0144.W obu przypadkach termin przedawnienia wynosi 6 lat, a&nbsp;dla roszcze\u0144 o&nbsp;\u015bwiadczeniaokresowe i roszcze\u0144 dotycz\u0105cych&nbsp;prowadzenia dzia\u0142alno\u015bci gospodarczej [&hellip;]<\/p>\n","protected":false},"author":1,"featured_media":0,"parent":0,"menu_order":0,"comment_status":"closed","ping_status":"open","template":"","meta":{"footnotes":""},"class_list":["post-3","page","type-page","status-publish","hentry"],"_links":{"self":[{"href":"https:\/\/karolina.oleszczuk.art\/index.php?rest_route=\/wp\/v2\/pages\/3","targetHints":{"allow":["GET"]}}],"collection":[{"href":"https:\/\/karolina.oleszczuk.art\/index.php?rest_route=\/wp\/v2\/pages"}],"about":[{"href":"https:\/\/karolina.oleszczuk.art\/index.php?rest_route=\/wp\/v2\/types\/page"}],"author":[{"embeddable":true,"href":"https:\/\/karolina.oleszczuk.art\/index.php?rest_route=\/wp\/v2\/users\/1"}],"replies":[{"embeddable":true,"href":"https:\/\/karolina.oleszczuk.art\/index.php?rest_route=%2Fwp%2Fv2%2Fcomments&post=3"}],"version-history":[{"count":1,"href":"https:\/\/karolina.oleszczuk.art\/index.php?rest_route=\/wp\/v2\/pages\/3\/revisions"}],"predecessor-version":[{"id":65,"href":"https:\/\/karolina.oleszczuk.art\/index.php?rest_route=\/wp\/v2\/pages\/3\/revisions\/65"}],"wp:attachment":[{"href":"https:\/\/karolina.oleszczuk.art\/index.php?rest_route=%2Fwp%2Fv2%2Fmedia&parent=3"}],"curies":[{"name":"wp","href":"https:\/\/api.w.org\/{rel}","templated":true}]}}